{"id":98,"date":"2023-02-12T17:53:37","date_gmt":"2023-02-12T17:53:37","guid":{"rendered":"http:\/\/puigar.dev.codecloud.ee\/wp\/?page_id=98"},"modified":"2023-02-12T18:32:14","modified_gmt":"2023-02-12T18:32:14","slug":"kasutustingimused","status":"publish","type":"page","link":"https:\/\/puigar.ee\/et\/kasutustingimused\/","title":{"rendered":"Kasutustingimused"},"content":{"rendered":"\n<h2>\u00dclds\u00e4tted<\/h2>\n\n\n\n<p>Kasutades Puigar O\u00dc-le kuuluvat veebilehti www.puigar.ee v\u00f5i muid teenuseid n\u00f5ustute meie privaatsuspoliitika tingimustega. Juhul, kui te ei n\u00f5ustu eelmainitud tingimustega, siis palume teil lahkuda meie veebilehelt. Isikuandmete t\u00f6\u00f6tlemise \u00fcldp\u00f5him\u00f5tted<\/p>\n\n\n\n<h3>I M\u00f5isted<\/h3>\n\n\n\n<p>1.1. Isikuandmete t\u00f6\u00f6tleja \u2013 on isik, kes teeb mistahes toimingu Isikuandmetega, s.h. salvestab, s\u00e4ilitab, muudab, v\u00f5imaldab kolmandatele isikutele juurdep\u00e4\u00e4su, teeb p\u00e4ringu, kasutab v\u00f5i edastab Isikuandmed. &nbsp;<\/p>\n\n\n\n<p>1.1.1. Vastutav t\u00f6\u00f6tleja \u2013 on k\u00e4esolevate Isikuandmete t\u00f6\u00f6tlemise p\u00f5him\u00f5tete kohaselt O\u00dc Puigar, registrikood 10272372, asukoht&nbsp;V\u00f5ru maakond, V\u00f5ru vald, Puiga k\u00fcla, 65502.<\/p>\n\n\n\n<p>1.1.2. Volitatud t\u00f6\u00f6tleja \u2013 on isikud, keda Vastutav t\u00f6\u00f6tleja on lepinguga volitanud isikuandmeid t\u00f6\u00f6tlema, kes t\u00f6\u00f6tlevad Isikuandmeid kaupade kohaletoimetamiseks,&nbsp;teenuste pakkumiseks ja IT partnerid; Koost\u00f6\u00f6partnerite ja volitatud t\u00f6\u00f6tlejate kohta saab infot&nbsp;e-posti aadressil <a href=\"mailto:info@puigar.ee\">info@puigar.ee<\/a><\/p>\n\n\n\n<p>1.1.3. Andmesubjekt &#8211; on f\u00fc\u00fcsiline isik, kes kasutab, on kasutanud v\u00f5i on avaldanud soovi kasutada Vastutava t\u00f6\u00f6tleja tooteid&nbsp;v\u00f5i teenuseid ning kelle andmeid isikuandmete t\u00f6\u00f6tleja t\u00f6\u00f6tleb koosk\u00f5las Isikuandmete t\u00f6\u00f6tlemise \u00fcldp\u00f5him\u00f5tetega.<\/p>\n\n\n\n<p>1.1.4. Isikuandmed \u2013 on mistahes andmed Andmesubjekti kohta, mis on Isikuandmete t\u00f6\u00f6tlejale teada l\u00e4bi nende avalikkuse v\u00f5i tekkimise (nt teenuste kasutamise k\u00e4igus tekkinud), mis isikuandmete t\u00f6\u00f6tleja on teenuse osutamise k\u00e4igus teada saanud (nt toodete v\u00f5i teenuste kasutajaks registreerumisel, k\u00fcsitlustes, reklaam- ja turunduskampaaniates osalemisel) v\u00f5i Andmesubjekti soovi avaldamise&nbsp;tellimus&nbsp;teha.<\/p>\n\n\n\n<p>1.1.5. Isikuandmete t\u00f6\u00f6tlemine&nbsp;\u2013 on igasugune isikuandmete v\u00f5i nende kogumitega tehtav automatiseeritud v\u00f5i automatiseerimata toiming v\u00f5i toimingute kogum, nagu kogumine, dokumenteerimine, korrastamine, struktureerimine, s\u00e4ilitamine, kohandamine ja muutmine, p\u00e4ringute tegemine, lugemine, kasutamine, edastamise, levitamise v\u00f5i muul moel k\u00e4ttesaadavaks tegemise teel avalikustamine, \u00fchitamine v\u00f5i \u00fchendamine, piiramine, kustutamine v\u00f5i h\u00e4vitamine, v\u00f5i mitu eelnimetatud toimingut, s\u00f5ltumata toimingute teostamise viisist ja kasutatavatest vahenditest.<\/p>\n\n\n\n<p>1.1.6. Kolmas isik \u2013 on f\u00fc\u00fcsiline v\u00f5i juriidiline isik, kes ei ole Andmesubjekt, Vastutav t\u00f6\u00f6tleja ega Volitatud t\u00f6\u00f6tleja.<\/p>\n\n\n\n<h3><strong>II Andmesubjekti n\u00f5usolek<\/strong><\/h3>\n\n\n\n<p>2.1. Isikuandmete t\u00f6\u00f6tlejaga tehingusse astumisega v\u00f5i soovi avaldamisega teenust saada v\u00f5i teenuse kasutamisega (nt veebilehe k\u00fclastamine), annab Andmesubjekt Isikuandmete t\u00f6\u00f6tlejale n\u00f5usoleku oma Isikuandmete t\u00f6\u00f6tlemiseks koosk\u00f5las k\u00e4esolevate Isikuandmete t\u00f6\u00f6tlemise p\u00f5him\u00f5tete ja eesm\u00e4rkidega.<\/p>\n\n\n\n<p>2.2. Sellise Isikuandmete t\u00f6\u00f6tlemise tarbeks, milleks on vajalik Andmesubjekti n\u00f5usolek, k\u00fcsib Isikuandmete t\u00f6\u00f6tleja Andmesubjektilt n\u00f5usoleku, mida Andmesubjekt saab anda avalduse vormis (nt kui Andmesubjekt on teatanud Isikuandmete t\u00f6\u00f6tlejale oma kontaktandmed, on ta sellega andnud n\u00f5usoleku info ja pakkumiste saamiseks Isikuandmete t\u00f6\u00f6tleja toodete ja teenuste kohta) v\u00f5i selge n\u00f5usolekut v\u00e4ljendava tegevusega (nt j\u00e4tkates telefonik\u00f5ne p\u00e4rast teadet, et see salvestatakse).<\/p>\n\n\n\n<p>2.3. N\u00f5usoleku (v.a tehingutest ja seadusandlusest tulenevate kohustuste t\u00e4itmiseks antud andmed) v\u00f5ib Andmesubjekt igal ajal tagasi v\u00f5tta, andes sellest teada Isikuandmete t\u00f6\u00f6tlejale e-posti aadressil: <a href=\"mailto:info@puigar.ee\">info@puigar.ee<\/a> v\u00f5i muul&nbsp;viisil, mille Isikuandmete t\u00f6\u00f6tleja on Andmesubjektile v\u00f5imaldanud.<\/p>\n\n\n\n<h3><strong>III Isikuandmete t\u00f6\u00f6tlemise eesm\u00e4rgid ja p\u00f5him\u00f5tted<\/strong><\/h3>\n\n\n\n<p>3.1. Isikuandmete t\u00f6\u00f6tleja t\u00f6\u00f6tleb Isikuandmeid selleks, et s\u00f5lmida ning t\u00e4ita lepingut v\u00f5i tagada selle t\u00e4itmist sealhulgas:<\/p>\n\n\n\n<p>3.1.1 otsustada lepingueelselt, kas ja millistel tingimustel teenust osutada v\u00f5i kaupu m\u00fc\u00fca;<\/p>\n\n\n\n<p>3.1.2 t\u00e4ita Andmesubjekti ees v\u00f5etud kohustusi kaupade tarnimise ja teenuste osutamise osas ning nende sisu ja kvaliteedi edendamiseks;<\/p>\n\n\n\n<p>3.1.3. avalikustada ja edastada Isikuandmeid Isikuandmete t\u00f6\u00f6tlejaga seotud ettev\u00f5tetele, lepingu t\u00e4itmisega seotud isikutele; andmekogude pidajatele (nt \u00c4riregister), makseh\u00e4ire registrite pidajatele ja muudele ning Isikuandmete t\u00f6\u00f6tlejale lepingu t\u00e4itmise huvides teenuste osutajatele (nt audiitorid, n\u00f5ustajad).<\/p>\n\n\n\n<p>3.1.4. realiseerida ja kaitsta rikutud v\u00f5i vaidlustatud \u00f5igusi (s.h. kolmandate isikute kaasabil).<\/p>\n\n\n\n<p>3.2. Isikuandmete t\u00f6\u00f6tleja t\u00f6\u00f6tleb Isikuandmeid selleks, et t\u00e4ita seadust v\u00f5i muud \u00f5igusakti sealhulgas:<\/p>\n\n\n\n<p>3.2.1 hinnata Kliendi usaldusv\u00e4\u00e4rsust (nt j\u00e4relmaksu puhul varasematelt teenuse pakkujatelt andmete k\u00fcsimine);<\/p>\n\n\n\n<p>3.2.2. hinnata ettev\u00f5ttesiseseid ja v\u00e4liseid riske; auditeerida, anal\u00fc\u00fcsida v\u00f5i hinnata ettev\u00f5tet ja selle toimimist;<\/p>\n\n\n\n<p>3.2.3. tagada andmesubjekti \u00f5iguste kaitse (s.h. kontrollida ja parandada, t\u00e4iendada v\u00f5i kustutada Isikuandmeid);<\/p>\n\n\n\n<p>3.2.4. t\u00e4ita muid seadusest tulenevaid seadusega koosk\u00f5las olevaid kohustusi (nt andmete edastamine menetlusorganile v\u00f5i kommentaari autori IP-aadressi avaldamine).<\/p>\n\n\n\n<p>3.3. Isikuandmete t\u00f6\u00f6tleja t\u00f6\u00f6tleb Isikuandmeid Andmesubjekti n\u00f5usolekul selleks, et sealhulgas:<\/p>\n\n\n\n<p>3.3.1. pakkuda Andmesubjektile Isikuandmete t\u00f6\u00f6tleja nimel vahendatavaid tooteid ja teenuseid (nt uute toodete ja\/v\u00f5i teenuste pakkumine e-posti teel). Pakkumisteks ei ole teated, mis on seotud toote v\u00f5i teenuse osutamise, haldamise v\u00f5i lepingu t\u00e4itmisega;<\/p>\n\n\n\n<p>3.3.2. selleks, et paremini m\u00f5ista Andmesubjekti ootusi Isikuandmete t\u00f6\u00f6tleja poolt vahendatavate toodete ja teenuste osas (nt Isikuk\u00fcsitlused, turu-uuringud, sihitatud reklaam, statistilised koondanal\u00fc\u00fcsid tarbijaharjumuste kohta, isikustatud veebileht jms) ning pakkuda personaliseeritud tooteid v\u00f5i teenuseid;<\/p>\n\n\n\n<p>3.3.3. pakkuda Kliendile hoolikalt v\u00e4lja valitud koost\u00f6\u00f6partnerite kaupu ja\/v\u00f5i teenuseid;<\/p>\n\n\n\n<p>3.3.4. korraldada tarbijam\u00e4nge ja kampaaniaid.<\/p>\n\n\n\n<p>3.4. Isikuandmete t\u00f6\u00f6tleja t\u00f6\u00f6tleb Isikuandmeid \u00f5igustatud huvi korral selleks, et sealhulgas edastada Isikuandmeid Vastutava t\u00f6\u00f6tleja kontserni ja seotud ettev\u00f5tete piires sisehalduse eesm\u00e4rkidel (s.h. administratsioon, tugiteenused).<\/p>\n\n\n\n<p>3.5. Isikuandmete t\u00f6\u00f6tleja ei v\u00f5\u00f5randa, rendi ega anna muul viisil Kolmandatele isikutele \u00fcle v\u00f5i Kolmandate isikute kasutusse Isikuandmeid (v.a. k\u00e4esolevas Isikuandmete t\u00f6\u00f6tlemise \u00fcldp\u00f5him\u00f5tetes toodud juhtudel ja ulatuses).<\/p>\n\n\n\n<p>3.6. Isikuandmete t\u00f6\u00f6tleja j\u00e4rgib Isikuandmete t\u00f6\u00f6tlemisel isikuandmete kaitset s\u00e4testavates \u00f5igusaktides s\u00e4testatud p\u00f5him\u00f5tteid.<\/p>\n\n\n\n<p>3.7. Isikuandmete t\u00f6\u00f6tlejal on \u00f5igus salvestada sidevahendite (e-post, telefon jms) teel antud Andmesubjekti k\u00f5iki teateid ja korraldusi, samuti muid toiminguid, mis Andmesubjekt on teinud teenuste tarbimiseks ning vajadusel kasutada neid salvestisi korralduste v\u00f5i muude toimingute t\u00f5endamiseks.<\/p>\n\n\n\n<p>Isikuandete t\u00f6\u00f6tlemise eesm\u00e4rkide t\u00e4itmiseks v\u00f5ib Isikuandmete t\u00f6\u00f6tleja kasutada Volitatud t\u00f6\u00f6tlejaid (nt klienti harjumuste anal\u00fc\u00fcsi teostamine).<\/p>\n\n\n\n<h3>IV Isikuandmete kaitse ja vastutus<\/h3>\n\n\n\n<p>4.1. Isikuandmete t\u00f6\u00f6tleja tagab Isikuandmete k\u00f5rgetasemelise kaitse, isikuandmete asjakohase turvalisuse, sealhulgas loata v\u00f5i ebaseadusliku t\u00f6\u00f6tlemise eest ning juhusliku kaotamise, h\u00e4vitamise v\u00f5i kahjustumise eest, kasutades asjakohaseid tehnilisi v\u00f5i korralduslikke meetmeid.<\/p>\n\n\n\n<p>4.2. Isikuandmete t\u00f6\u00f6tleja v\u00f5imaldab ligip\u00e4\u00e4su Isikuandmetele ainult vastava v\u00e4lja\u00f5ppe saanud t\u00f6\u00f6tajatele, kellel on \u00f5igus Isikuandmeid t\u00f6\u00f6delda vaid ulatuses, mis on vajalikud Isikuandmete t\u00f6\u00f6tlemise eesm\u00e4rkide saavutamiseks.<\/p>\n\n\n\n<p>4.3.&nbsp;Isikuandmete t\u00f6\u00f6tleja kannab vastutust isikuandmete kaitset reguleerivates \u00f5igusaktides s\u00e4testatud n\u00f5uetest kinnipidamise eest.<\/p>\n\n\n\n<p>4.4. Isikuandmete t\u00f6\u00f6tleja kinnitab, et:<\/p>\n\n\n\n<p>\u00b7&nbsp;&nbsp;&nbsp;&nbsp;&nbsp;&nbsp; kaitseme Isikuandmeid ning oleme kasutusele v\u00f5tnud k\u00f5ik asjakohased meetmed Isikuandmete turvalisuse kaitseks;<\/p>\n\n\n\n<p>\u00b7&nbsp;&nbsp;&nbsp;&nbsp;&nbsp;&nbsp; kogume Isikuandmeid t\u00e4pselt ja selgelt kindlaksm\u00e4\u00e4ratud ning \u00f5igusp\u00e4rastel eesm\u00e4rkidel ning ei t\u00f6\u00f6tle neid hiljem viisil, mis on nende eesm\u00e4rkidega vastuolus;<\/p>\n\n\n\n<p>\u00b7&nbsp;&nbsp;&nbsp;&nbsp;&nbsp;&nbsp; piirdume Isikuandmete t\u00f6\u00f6tlemisel v\u00e4himaga, mis on vajalik k\u00e4esolevas \u00fcldp\u00f5him\u00f5tetes kirjeldatud Isikuandmete t\u00f6\u00f6tlemise eesm\u00e4rkide t\u00e4itmiseks;<\/p>\n\n\n\n<p>\u00b7&nbsp;&nbsp;&nbsp;&nbsp;&nbsp;&nbsp; t\u00f6\u00f6tleme Isikuandmeid, kuni see on vajalik Isikuandmete t\u00f6\u00f6tlemise eesm\u00e4rkide t\u00e4itmiseks v\u00f5i \u00f5igusaktidest tulenevate kohustuste t\u00e4itmiseks;<\/p>\n\n\n\n<p>\u00b7&nbsp;&nbsp;&nbsp;&nbsp;&nbsp;&nbsp; n\u00f5uame k\u00f5igilt koost\u00f6\u00f6partneritelt, kellega Isikuandmete t\u00f6\u00f6tlemisel koost\u00f6\u00f6d teeme (nt IT, postifirmad), et nad peavad kinni pidama samasugustest Isikuandmete t\u00f6\u00f6tlemise p\u00f5him\u00f5tetest. Omavahelistes lepingutes oleme fikseerinud t\u00e4iendavad Isikuandmete kaitse kohustused.<\/p>\n\n\n\n<h3>V Andmesubjekti \u00f5iguste kaitse<\/h3>\n\n\n\n<p>5.1. Andmesubjektil on \u00f5igus tutvuda tema kohta Isikuandmete vastutava t\u00f6\u00f6tleja valduses olevate Isikuandmetega ja saada t\u00e4iendavat teavet oma Isikuandmete t\u00f6\u00f6tlemise kohta.<\/p>\n\n\n\n<p>5.2. Andmesubjektil on \u00f5igus igal ajal esitada n\u00f5udeid ja pretensioone oma Isikuandmete t\u00f6\u00f6tlemise osas, sealhulgas n\u00f5uda enda kohta k\u00e4ivate Isikuandmete t\u00f6\u00f6tlemise l\u00f5petamist, avalikustamise v\u00f5i Isikuandmetele juurdep\u00e4\u00e4su v\u00f5imaldamise l\u00f5petamist ja\/v\u00f5i kogutud andmete kustutamist, parandamist v\u00f5i h\u00e4vitamist, kui selline \u00f5igus tuleneb isikuandmete kaitset reguleerivatest \u00f5igusaktidest.<\/p>\n\n\n\n<p>5.3. Eeldame, et k\u00f5igi toodete v\u00f5i teenuste tarbimine alaealise poolt toimub vanemliku j\u00e4relevalve all. Alaealine andmesubjekt peab enne, kui annab internetis kellelegi oma nime, aadressi, e-posti aadressi v\u00f5i mistahes muid isikuandmeid, k\u00fcsima selleks oma vanemate v\u00f5i seadusliku eestkostja n\u00f5usoleku.<\/p>\n\n\n\n<p>5.4. Kui Andmesubjekt leiab, et Isikuandmete t\u00f6\u00f6tleja on Isikuandmete t\u00f6\u00f6tlemisel rikkunud tema \u00f5igusi, on tal \u00f5igus p\u00f6\u00f6rduda rikkumise l\u00f5petamise n\u00f5udega Isikuandmete t\u00f6\u00f6tleja poole elektronposti vahendusel: <a href=\"mailto:info@puigar.ee\">info@puigar.ee<\/a>. Andmesubjektil on igal ajal \u00f5igus p\u00f6\u00f6rduda oma \u00f5iguste kaitseks Andmekaitse Inspektsiooni v\u00f5i kohtu poole.<\/p>\n\n\n\n<h3>VI Isikuandmete \u00fcldp\u00f5him\u00f5tete muutmine<\/h3>\n\n\n\n<p>6.1 Puigar O\u00dc-l on \u00f5igus Isikuandmete \u00fcldp\u00f5him\u00f5tteid igal ajal \u00fchepoolselt muuta, arvestades isikuandmete kaitset reguleerivatest \u00f5igusaktidest tulenevat.<\/p>\n\n\n\n<p>6.2&nbsp;Puigar O\u00dc&nbsp;teatab Isikuandmete \u00fcldp\u00f5him\u00f5tete muudatused Andmesubjektile veebilehel&nbsp;<a href=\"https:\/\/www.puigar.ee\/kasutustingimused.html\">https:\/\/www.puigar.ee\/kasutustingimused.html<\/a>&nbsp;v\u00e4hemalt 1 kuu enne muudatuste j\u00f5ustumist.&nbsp;&nbsp;<\/p>\n\n\n\n<h2>K\u00fcpsiste (inglise keeles <em>cookies<\/em>) kasutamine<\/h2>\n\n\n\n<p>O\u00dc Puigar&nbsp;veebilehed kasutavad k\u00fcpsiseid. See aitab veebisaidil meelde j\u00e4tta teie tehtud valikuid.&nbsp;O\u00dc&nbsp;Puigar&nbsp;tooteid ja teenuseid kasutades n\u00f5ustute sellega, et kasutame k\u00fcpsiseid.<\/p>\n\n\n\n<h3>Mis on k\u00fcpsised?<\/h3>\n\n\n\n<p>K\u00fcpsis on v\u00e4ike tekstil\u00f5ik, mis laaditakse teie arvutisse v\u00f5i muusse seadmesse&nbsp;veebilehte k\u00fclastades.&nbsp;K\u00fcpsis aitab veebilehel meelde j\u00e4tta teavet teie k\u00fclastuse kohta, n\u00e4iteks eelistatud keelt ja muid seadeid. See v\u00f5imaldab&nbsp;muuta veebilehe kasutaja eelistustele vastavaks.&nbsp;<\/p>\n\n\n\n<h3>Mis t\u00fc\u00fcpi k\u00fcpsiseid&nbsp;O\u00dc Puigar&nbsp;kasutab?<\/h3>\n\n\n\n<p>O\u00dc Puigar&nbsp;veebilehed&nbsp;kasutavad:<\/p>\n\n\n\n<ul>\n<li>seansik\u00fcpsiseid, mis kustutatakse automaatselt p\u00e4rast igat k\u00fclastust;<\/li>\n\n\n\n<li>p\u00fcsivaid k\u00fcpsiseid, mis j\u00e4\u00e4vad alles veebilehe korduval kasutamisel;<\/li>\n\n\n\n<li>kolmandate osapoolte k\u00fcpsised, mida kasutavad meie partnerite veebilehed, mis on meie lehele manustatud v\u00f5i millele me lingime. Nende k\u00fcpsiste tekkimist me ei kontrolli, seega soovitame teil uurida kolmandate osapoolte lehtedelt nende k\u00fcpsiste kohta, kuidas neid hallata.<\/li>\n<\/ul>\n\n\n\n<h3>Milleks me kasutame k\u00fcpsiseid ja millist teavet me kogume?<\/h3>\n\n\n\n<p>K\u00fcpsised aitavad meil teenuseid vastavalt teie soovile ja harjumusele edastada. K\u00fcpsiseid kasutatakse tavaliselt statistiliste andmete kogumiseks,&nbsp;otsingu eelistuste meeldej\u00e4tmiseks,&nbsp;sihitud reklaamide esitamiseks, reklaamide asjakohasemaks muutmiseks,&nbsp;teenustesse registreerumisel abi pakkumiseks ja teie andmete kaitsmiseks. Kui k\u00fclastate&nbsp;O\u00dc Puigar&nbsp;veebilehte, v\u00f5ivad lisaks meie k\u00fcpsistele teie arvutisse k\u00fcpsiseid salvestada ja nendele juurde p\u00e4\u00e4seda ning teie internetitegevuse ja veebiteenuste kasutamise kohta teavet koguda ka meie anal\u00fc\u00fcside ja reklaamide esitamisega seotud partnerid.&nbsp;<\/p>\n\n\n\n<h3>Kas k\u00fcpsiste kasutamist saab keelata?<\/h3>\n\n\n\n<p>Jah, veebilehitsejal on v\u00f5imalik keelata k\u00fcpsiste kasutamine, kuid sellisel juhul ei saa me tagada&nbsp;meie toodete v\u00f5i teenuste ootusp\u00e4rast v\u00f5i korrektset toimimist. Ka ei saa&nbsp;sel juhul&nbsp;veebilehe kaudu vormistada tellimusi.&nbsp;K\u00fcpsiste kohta saate rohkem teavet veebilehelt: <a href=\"http:\/\/www.allaboutcookies.org\/\">http:\/\/www.allaboutcookies.org\/<\/a> v\u00f5i <a href=\"http:\/\/www.youronlinechoices.com\/ee\">http:\/\/www.youronlinechoices.com\/ee<\/a><\/p>\n\n\n\n<h2>Veebikeskkonna kasutajate kohustused<\/h2>\n\n\n\n<p>O\u00dc Puigar&nbsp;veebikeskkonna lehek\u00fclgedel avaldatud materjalid (uudised, andmed, fotod) on Autori\u00f5iguse seaduse t\u00e4henduses autorikaitse objektiks, mille kopeerimine ja levitamine ilma&nbsp;O\u00dc Puigar kirjaliku n\u00f5usolekuta on \u00fcldjuhul keelatud. Kirjaliku n\u00f5usoleku saamiseks palume p\u00f6\u00f6rduda e-posti aadressil:&nbsp;<a href=\"mailto:info@puigar.ee\">info@puigar.ee<\/a>&nbsp; O\u00dc Puigar j\u00e4tab endale \u00f5iguse igal ajal antud tingimustesse parandusi teha. Nimetatud muudatused tehakse k\u00e4ttesaadavaks koos nimetatud rakenduste v\u00f5i teenustega ning hakkavad kehtima avaldamise hetkest.<\/p>\n\n\n\n<h3>Digitaalsete&nbsp;teenuste ja sisu k\u00e4ttesaadavus<\/h3>\n\n\n\n<p>O\u00dc Puigar&nbsp;p\u00fc\u00fcab tagada oma digitaalsete&nbsp;teenuste ja sisu hea ning j\u00e4rjepideva k\u00e4ttesaadavuse, kuid ei taga mingil moel nende k\u00e4ttesaadavust igal ajal ega v\u00e4lista v\u00f5imalikke h\u00e4ireid nende t\u00f6\u00f6s.<\/p>\n\n\n\n<p>O\u00dc Puigar&nbsp;j\u00e4tab endale \u00f5iguse igal ajal peatada oma&nbsp;teenuste v\u00f5i sisu k\u00e4ttesaadavuse tehnilistel v\u00f5i muudel p\u00f5hjustel teavitamata sellest eelnevalt kasutajaid. Sellest tulenevalt pole O\u00dc Puigar mingil moel vastutav nimetatud h\u00e4iretest tingitud ebameeldivuste v\u00f5i kahjude eest. Nimetatud h\u00e4ired ei anna alust teenuste eest teostatud tasude tagastamiseks, hinnaalandusteks v\u00f5i muudeks rahalisteks kompensatsioonideks.<\/p>\n\n\n\n<p>O\u00dc Puigar ei ole vastutav ajutiste v\u00f5i p\u00fcsivate kahjustuste v\u00f5i talitlush\u00e4irete eest, mis v\u00f5ivad tekkida O\u00dc Puigar digitaalsete teenuste kasutamisest v\u00f5i esineda kasutamisel. Eelk\u00f5ige ei vastuta O\u00dc Puigar digitaalsete rakendustega v\u00f5i teenustega levida v\u00f5ivate viiruste v\u00f5i pahavara eest.<\/p>\n\n\n\n<div class=\"is-layout-flex wp-container-4 wp-block-columns\">\n<div class=\"is-layout-flow wp-block-column\" style=\"flex-basis:33.34%\">\n<p><\/p>\n<\/div>\n\n\n\n<div class=\"is-layout-flow wp-block-column\" style=\"flex-basis:33.34%\">\n<p><\/p>\n<\/div>\n\n\n\n<div class=\"is-layout-flow wp-block-column\" style=\"flex-basis:33.33%\">\n<p><\/p>\n<\/div>\n<\/div>\n","protected":false},"excerpt":{"rendered":"<p>\u00dclds\u00e4tted Kasutades Puigar O\u00dc-le kuuluvat veebilehti www.puigar.ee v\u00f5i muid teenuseid n\u00f5ustute meie privaatsuspoliitika tingimustega. Juhul, kui te ei n\u00f5ustu eelmainitud tingimustega, siis palume teil lahkuda meie veebilehelt. Isikuandmete t\u00f6\u00f6tlemise \u00fcldp\u00f5him\u00f5tted I M\u00f5isted 1.1. Isikuandmete t\u00f6\u00f6tleja \u2013 on isik, kes teeb mistahes toimingu Isikuandmetega, s.h. salvestab, s\u00e4ilitab, muudab, v\u00f5imaldab kolmandatele isikutele juurdep\u00e4\u00e4su, teeb p\u00e4ringu, kasutab v\u00f5i [&hellip;]<\/p>\n","protected":false},"author":1,"featured_media":0,"parent":0,"menu_order":0,"comment_status":"closed","ping_status":"closed","template":"","meta":[],"acf":[],"_links":{"self":[{"href":"https:\/\/puigar.ee\/et\/wp-json\/wp\/v2\/pages\/98"}],"collection":[{"href":"https:\/\/puigar.ee\/et\/wp-json\/wp\/v2\/pages"}],"about":[{"href":"https:\/\/puigar.ee\/et\/wp-json\/wp\/v2\/types\/page"}],"author":[{"embeddable":true,"href":"https:\/\/puigar.ee\/et\/wp-json\/wp\/v2\/users\/1"}],"replies":[{"embeddable":true,"href":"https:\/\/puigar.ee\/et\/wp-json\/wp\/v2\/comments?post=98"}],"version-history":[{"count":5,"href":"https:\/\/puigar.ee\/et\/wp-json\/wp\/v2\/pages\/98\/revisions"}],"predecessor-version":[{"id":106,"href":"https:\/\/puigar.ee\/et\/wp-json\/wp\/v2\/pages\/98\/revisions\/106"}],"wp:attachment":[{"href":"https:\/\/puigar.ee\/et\/wp-json\/wp\/v2\/media?parent=98"}],"curies":[{"name":"wp","href":"https:\/\/api.w.org\/{rel}","templated":true}]}}