{"id":108,"date":"2023-02-12T18:34:22","date_gmt":"2023-02-12T18:34:22","guid":{"rendered":"http:\/\/puigar.dev.codecloud.ee\/wp\/?page_id=108"},"modified":"2023-02-12T18:57:35","modified_gmt":"2023-02-12T18:57:35","slug":"ostutingimused-ja-garantii","status":"publish","type":"page","link":"https:\/\/puigar.ee\/et\/ostutingimused-ja-garantii\/","title":{"rendered":"Ostutingimused ja garantii"},"content":{"rendered":"\n<h2>\u00dcLDTINGIMUSED<\/h2>\n\n\n\n<ol>\n<li>\u00dcLDS\u00c4TTED\n<ol>\n<li><strong>\u00dcldtingimused kui Kliendilepingu osa.<\/strong>&nbsp;K\u00e4esolevad Puigar O\u00dc \u00dcldtingimused on Puigar O\u00dc ja Kliendi vahel s\u00f5lmitud Kliendilepingu lahutamatu osa.<\/li>\n\n\n\n<li><strong>M\u00f5isted.<\/strong>&nbsp;\u00dcldtingimustes, Kliendilepingus ja pooltevahelises suhtluses kasutatakse m\u00f5isteid allj\u00e4rgnevas t\u00e4henduses.\n<ol>\n<li><strong>E-pood<\/strong>&nbsp;on veebiaadressil&nbsp;<a href=\"http:\/\/www.puigar.ee\">www.puigar.ee<\/a> asuv&nbsp;Klientidele loodud Puigar O\u00dc poolt m\u00fc\u00fcdavate toodete ostukeskkond.<\/li>\n\n\n\n<li><strong>Puigar O\u00dc&nbsp;<\/strong>on Eestis registreeritud juriidiline isik, registrikoodiga 10272372, asukohaga Puiga k\u00fcla, V\u00f5ru vald, V\u00f5ru maakond, 65502, Eesti<\/li>\n\n\n\n<li><strong>Klient<\/strong>&nbsp;on juriidiline v\u00f5i f\u00fc\u00fcsiline isik, kes on s\u00f5lminud Puigar O\u00dc-ga Kliendilepingu.<\/li>\n\n\n\n<li><strong>Tarbija&nbsp;<\/strong>on f\u00fc\u00fcsilisest isikust Klient.<\/li>\n\n\n\n<li><strong>Esindaja<\/strong>&nbsp;on juriidilise isiku esindaja, kellel on seadusest v\u00f5i volitusest tulenev \u00f5igus Kliendi nimel Kliendikontot kasutada, esitada Tellimusi.<\/li>\n\n\n\n<li><strong>Hinnakiri<\/strong>&nbsp;on Tellimiskeskuses avaldatud Kaupade ning Tellimuse t\u00e4itmisega seotud teenuste v\u00f5i kulude (transport, pakend vmt) hinnakiri.<\/li>\n\n\n\n<li><strong>Kliendileping<\/strong>&nbsp;on Puigar O\u00dc ja Kliendi vahel s\u00f5lmitud leping, mis s\u00e4testab Kaupade m\u00fc\u00fcgi \u00fcldtingimused.<\/li>\n\n\n\n<li><strong>Kaup&nbsp;<\/strong>on Puigar O\u00dc poolt E-poe kaudu m\u00fc\u00fcdavad tooted.<\/li>\n\n\n\n<li><strong>Tellimus<\/strong>&nbsp;on Kliendi poolt E-poe kaudu esitatud Kaupade tellimus, milles on fikseeritud v\u00e4hemalt Kliendi poolt soovitav Kaup, selle kogus, k\u00e4ttetoimetamise koht ja viis ja muud Tellimuse vormis k\u00fcsitud tingimused. Velgede Tellimus esitatakse e-kirjaga. Tellimuses sisalduvad tingimused, mis erinevad \u00dcldtingimustest v\u00f5i t\u00e4iendavad neid, loetakse peale Kinnituse saatmist Kliendile Kliendilepingu eritingimusteks.<\/li>\n\n\n\n<li><strong>Kinnitus<\/strong>&nbsp;on Kliendile vahetult p\u00e4rast Tellimuse s\u00f5lmimist edastatav teade, sisaldades \u00dcldtingimusi, Kliendilepingut ning Kaupa puudutavaid \u00fcksikasju.<\/li>\n\n\n\n<li><strong>Isikuandmed<\/strong>&nbsp;on f\u00fc\u00fcsilise isiku nimi ja tema identifitseerimist v\u00f5imaldavad andmed (nimi, isikukood, s\u00fcnniaeg), isikut t\u00f5endava dokumendi andmed, kontaktandmed (aadress, e-post, telefoninumber) ning muud isikuandmed, mis on Puigar O\u00dc teatavaks saanud seoses Kliendilepingu s\u00f5lmimise ja t\u00e4itmisega.<\/li>\n\n\n\n<li><strong>Isikuandmete<\/strong>&nbsp;<strong>t\u00f6\u00f6tlemine<\/strong>&nbsp;on igasugune Isikuandmetega tehtav toiming, sealhulgas Kliendi Isikuandmete kogumine, salvestamine, korrastamine, s\u00e4ilitamine, muutmine ja avalikustamine, juurdep\u00e4\u00e4su v\u00f5imaldamine, p\u00e4ringute teostamine ja v\u00e4ljav\u00f5tete tegemine, kasutamine, edastamine, ristkasutamine, \u00fchendamine, sulgemine, kustutamine v\u00f5i h\u00e4vitamine, v\u00f5i mitu eelnimetatud toimingut, s\u00f5ltumata toimingute teostamise viisist ja kasutatavatest vahenditest.<\/li>\n\n\n\n<li><strong>Otsepostitus<\/strong>&nbsp;on igasugune Kliendile e-posti v\u00f5i kirja teel saadetud teave, mis on kavandatud otseselt v\u00f5i kaudselt turundama Puigar O\u00dc poolt pakutavate kaupu v\u00f5i teenuseid, t\u00f5stma Puigar O\u00dc mainet v\u00f5i edendama Puigar O\u00dc kliendisuhteid. Info, mis on seotud E-poe kaudu pakutava tootega, haldamise v\u00f5i lepingu t\u00e4itmisega, ei ole Otsepostitus.<\/li>\n\n\n\n<li><strong>\u00dcldtingimused<\/strong>&nbsp;on k\u00e4esolevad Puigar O\u00dc E-poe \u00fcldtingimused.&nbsp;<\/li>\n<\/ol>\n<\/li>\n<\/ol>\n<\/li>\n\n\n\n<li>HIND\n<ol>\n<li><strong>Kauba hind.<\/strong>&nbsp;E-poes on Kauba juurde m\u00e4rgitud hind koos k\u00e4ibemaksuga. Hinnale lisanduvad transpordikulud ja\/v\u00f5i muud kulud vastavalt Kliendi tellimusele ja Hinnakirjale.<\/li>\n\n\n\n<li><strong>Utiliseerimistasu<\/strong>. Uute rehvide ostmisel on rehvide hinnale lisatud utiliseerimistasu.<\/li>\n\n\n\n<li><strong>Hinnakirja muutmine.&nbsp;<\/strong>Puigar O\u00dc on \u00f5igus teha Hinnakirjas igal ajal muudatusi sellest ette teatamata.<\/li>\n\n\n\n<li><strong>Maksevahendistest teatamine<\/strong>. Puigar O\u00dc teatab Tarbijale E-poes hiljemalt tellimisprotsessi alguses vastuv\u00f5etavad maksevahendid.<\/li>\n<\/ol>\n<\/li>\n\n\n\n<li>E-POES KUVATUD ANDMED KAUBA KOHTA\n<ol>\n<li><strong>Tootjaandmete \u00f5igsus.<\/strong>&nbsp;E-poes kuvatakse Kaupade kohta andmed, mille on esitanud Puigar O\u00dc-le vastava Kauba tootja. Puigar O\u00dc ei ole kohustatud tagama ning ei vastuta j\u00e4rgmiste andmete \u00f5igsuse ja t\u00e4ielikkuse eest:\n<ol>\n<li>tootepilt;<\/li>\n\n\n\n<li>tarnija v\u00f5i tootja poolt avaldatud toote tehnilised andmed;<\/li>\n\n\n\n<li>tarnija v\u00f5i tootja poolt toote kohta avaldatud kasutusjuhendid ja tootekirjeldused, sertifikaadid;<\/li>\n\n\n\n<li>tarnija v\u00f5i tootja poolt avaldatud andmed toote teiste toodetega asendatavuse, liidestatavuse v\u00f5i koostoimimise v\u00f5imaluste kohta.<\/li>\n<\/ol>\n<\/li>\n\n\n\n<li>Kui Tarbija teeb vale valiku puuduliku informatsiooni t\u00f5ttu, on tal \u00f5igus lepingust kuludeta taganeda ja n\u00f5uda kahjude h\u00fcvitamist.<\/li>\n<\/ol>\n<\/li>\n\n\n\n<li>TELLIMUS\n<ol>\n<li><strong>Rehvide tellimine<\/strong>\n<ol>\n<li><strong>Sobiva toote otsimine.<\/strong>&nbsp;Otsingumootorisse on v\u00f5imalik sisestada s\u00f5iduki t\u00fc\u00fcp ja rehvi m\u00f5\u00f5dud (laius, k\u00f5rgus, diameeter). Valikut saab kitsendada ka tootmisaasta ja tootja j\u00e4rgi. Valides rehvim\u00f5\u00f5du ja vajutades \u201eOtsi rehvi&#8221; nupule, suunatakse klient edasi nimekirja, kus antud s\u00f5idukile sobivad tooted. Vajutades nimekirjas v\u00e4ljavalitud tootele, saab lugeda lisainformatsiooni antud toote kohta ning kauba sobivuse korral saab kohe valida soovitud koguse.<\/li>\n\n\n\n<li>Klient valib E-Poes soovitavad toote(d) ning lisab need vajutades nuppu \u201eTelli\u201c Tellimusse (\u201eostukorvi\u201c).<\/li>\n\n\n\n<li>Kui k\u00f5ik sobilikud valikud on tehtud, saab klient edasi liikuda vajutades \u201eostukorv&#8221; nuppu. Kinnituseks, et valitud said \u00f5iged rehvid \u00f5iges koguses, kuvatakse Kliendi valik veelkord, j\u00e4ttes v\u00f5imaluse kogust (koguseid) muuta ning Kaup ostukorvist kustutada. Kui Klient on veendunud ostukorvis oleva Tellimuse sisu \u00f5igsuses, siis saab Klient liikuda edasi vajutades nuppu \u201eEdasi\u201c.<\/li>\n\n\n\n<li>J\u00e4rgnevalt tuleb Kliendil t\u00e4ita andmed Kauba k\u00e4ttetoimetamise viisi ja koha osas (\u201eVali transport\u201c). Kui klient soovib Puigar O\u00dc-ile anda lisajuhiseid, siis tuleb need kirjutada see \u201eLisainformatsiooni\u201c lahtrisse.<\/li>\n\n\n\n<li>Edasi liikumiseks tuleb Kliendil vajutada nuppu \u201eEelvaade\u201c, Tellimuse katkestamiseks v\u00f5i ostukorvi muutmiseks nuppu \u201eTagasi\u201c<\/li>\n\n\n\n<li>Kleidil tuleb kinnitada Tellimuse (valides \u201eKinnitan tellimus\u201c), kus Klient saab kontrollida andmete \u00f5igsust ning valida maksmise viisi.<\/li>\n<\/ol>\n<\/li>\n\n\n\n<li><strong>Velgede tellimise erisused<\/strong>\n<ol>\n<li>Velgede ostu sooritamist tuleb alustada kategooria \u201eVeljed\u201c alt ning sealt suunatakse klient \u201eKonfiguraatorisse\u201c, kus omakorda kliendile kuvatakse erinevate automarkide ikoonid. Valides sobiva automargi, kuvatakse Kliendile mudeli nimetused.<\/li>\n\n\n\n<li>Kui Klient on v\u00e4lja valinud sobivad veljed, siis tuleb Kliendile saata e-mail aadressile&nbsp;<a href=\"mailto:info@puigar.ee\">info@puigar.ee<\/a>&nbsp;ja lisada j\u00e4rgmine info: mudeli number ja auto andmed (mudel ning rehvi m\u00f5\u00f5dud).<\/li>\n\n\n\n<li>Puigar O\u00dc teeb Kliendile hinnapakkumise hiljemalt j\u00e4rgmisel t\u00f6\u00f6p\u00e4eval.&nbsp;<\/li>\n<\/ol>\n<\/li>\n\n\n\n<li><strong>Tellimuse kehtivus.<\/strong>&nbsp;Tellimus loetakse kehtivaks, kui Puigar O\u00dc on saatnud Kliendile Kinnituse, mis sisaldab viidet Tellimusele, Kliendilepingule ja \u00dcldtingimustele. Kui \u00dcldtingimustes ei ole s\u00e4testatud teisiti, ei ole Kliendil \u00f5igust Tellimust t\u00fchistada v\u00f5i sellest taganeda.<\/li>\n\n\n\n<li><strong>Taganemise \u00f5igus<\/strong>. Puigar O\u00dc-l on \u00f5igus Kliendilepingust sanktsioonideta taganeda ning j\u00e4tta tellitud kaup \u00fcle andmata kui:\n<ol>\n<li>kaup on laost otsa saanud; Puigar O\u00dc v\u00f5i kaasatud kolmandad isikud ei tarni enam tellitud Kaupa; kauba hinda v\u00f5i omadusi on E-Poes kuvatud valesti s\u00fcsteemivea t\u00f5ttu; Klient rikub \u00dcldtingimusi.<\/li>\n<\/ol>\n<\/li>\n\n\n\n<li><strong>T\u00e4itmise v\u00f5imatus.<\/strong>&nbsp;Kui Puigar O\u00dc-l ei ole v\u00f5imalik Lepingut t\u00e4ita, v\u00f5etakse Kliendiga \u00fchendust ning tagastatakse tasutud summa nii ruttu kui v\u00f5imalik, kuid mitte hiljem kui 30 p\u00e4eva jooksul.<\/li>\n\n\n\n<li>Tellimus loetakse leping s\u00f5lmituks alates hetkest, kui tellimuse eest on t\u00e4ielikult tasutud (raha on laekunud Puigar O\u00dc kontole).<\/li>\n<\/ol>\n<\/li>\n\n\n\n<li>TELLIMUSE T\u00c4ITMINE\n<ol>\n<li><strong>Maksetingimused<\/strong>.&nbsp;Klient tasub Kauba eest vastavalt Kliendilepingule. Kliendile v\u00e4ljastatakse arve, mis kuulub tasumisele enne kauba v\u00e4ljastamist.<\/li>\n\n\n\n<li>Kliendil on v\u00f5imalus valida sobilik internetipank (Swedbank, SEB Pank, Nordea, Sampo, LHV J\u00e4relmaks)<\/li>\n\n\n\n<li>Kliendil on v\u00f5imalus tasuda \u00fclekandega valides \u201eMaksa arvega\u201c.<\/li>\n\n\n\n<li>Raha laekumisel ettev\u00f5tte kontole alustab Puigar O\u00dc viivitamatult kauba k\u00e4ttetoimetamist klientidele. Kui arve tasumine v\u00f5i laekumine toimub puhkep\u00e4eval, siis k\u00e4ttetoimetamise protsess k\u00e4ivitub j\u00e4rgneval t\u00f6\u00f6p\u00e4eval.<\/li>\n\n\n\n<li><strong>K\u00e4ttetoimetamine<\/strong>.&nbsp;Kaup toimetakse Kliendile k\u00e4tte Kliendi poolt Kliendilepingus m\u00e4rgitud viisil. Puigar O\u00dc-i kohustused loetakse t\u00e4idetuks, kui Puigar O\u00dc v\u00f5i tema \u00fclesandel tegutsev kolmas isik (vedaja, kuller, postiasutus vmt) on Kliendilepingus m\u00e4\u00e4ratud t\u00e4htp\u00e4eval v\u00f5i t\u00e4htaja jooksul (nende puudumisel t\u00e4htaja jooksul, mida v\u00f5ib asjaolusid arvestades m\u00f5istlikult oodata):\n<ol>\n<li>toimetanud Kauba Kliendi poolt nimetatud aadressile;<\/li>\n\n\n\n<li>andnud Kliendile \u00fcleantava Kauba \u00fcle Kliendi esindajale.<\/li>\n<\/ol>\n<\/li>\n\n\n\n<li><strong>T\u00e4htaeg<\/strong>. Puigar O\u00dc t\u00e4idab tellimuse hiljemalt 30 p\u00e4eva jooksul, kui Kliendilepinguga ei ole kokku lepitud teisiti.<\/li>\n<\/ol>\n<\/li>\n\n\n\n<li>TARBIJA TAGANEMIS\u00d5IGUS\n<ol>\n<li>Tarbijal on \u00f5igus p\u00f5hjust avaldamata taganeda Kliendilepingust 14 p\u00e4eva jooksul.<\/li>\n\n\n\n<li>Kliendilepingu puhul, mille esemeks on asja \u00fcleandmine, hakkab k\u00e4esoleva paragrahvi l\u00f5ikes 1 nimetatud taganemise t\u00e4htaeg kulgema p\u00e4evast, millal tarbija v\u00f5i tarbija nimetatud kolmas isik, kes ei ole vedaja, on saanud asja f\u00fc\u00fcsiliselt enda valdusse v\u00f5i kui lepingu kohaselt tuleb tarbijale \u00fcle anda mitu asja, mis toimetatakse kohale eraldi, p\u00e4evast, millal tarbija v\u00f5i tarbija nimetatud kolmas isik, kes ei ole vedaja, on saanud viimase asja f\u00fc\u00fcsiliselt enda valdusse.<\/li>\n\n\n\n<li>Taganemis\u00f5iguse kasutamiseks peab Tarbija \u00fchem\u00f5ttelise avaldusega (nt posti, faksi v\u00f5i e-postiga saadetud kiri) teavitama Puigar O\u00dc-i punktis XX toodud kontaktandmetel oma otsusest taganeda Lepingust. Taganemiseavaldusse tuleb m\u00e4rkida lisaks Kliendi kontaktandemetele ostetud Kauba arve number.<\/li>\n\n\n\n<li>Taganemis\u00f5iguse kasutamise t\u00e4htajast kinnipidamiseks piisab, kui Tarbija saadab teate taganemis\u00f5iguse kasutamise kohta enne taganemist\u00e4htaja l\u00f5ppu.<\/li>\n\n\n\n<li>Kui Tarbija taganeb Lepingust, tagastab Puigar O\u00dc Tarbijale k\u00f5ik Tarbijalt saadud maksed viivitamata, kuid hiljemalt 14 p\u00e4eva m\u00f6\u00f6dumisel alates p\u00e4evast, mil Puigar O\u00dc saab teada Tarbija otsusest Lepingust taganeda.<\/li>\n\n\n\n<li>Puigar O\u00dc-l on \u00f5igus keelduda tagasimaksete tegemisest seni, kuni Puigar O\u00dc on Kliendilepingu esemeks oleva asja tagasi saanud v\u00f5i kuni Tarbija on esitanud t\u00f5endid, et asi on tagasi saadetud, s\u00f5ltuvalt sellest, kumb toimub varem.<\/li>\n\n\n\n<li>Tarbija kohustub taganemisavalduse esitamisel saatma asja tagasi v\u00f5i andma selle Puigar O\u00dc-le \u00fcle viivitamata, kuid hiljemalt 14 p\u00e4eva m\u00f6\u00f6dumisel p\u00e4evast, mil Tarbija teatas Puigar O\u00dc-le oma Lepingust taganemisest.<\/li>\n\n\n\n<li>Tarbija on asja tagastamise t\u00e4htajast kinni pidanud, kui saadab asja tagasi enne 14-p\u00e4evase t\u00e4htaja l\u00f5ppu.<\/li>\n\n\n\n<li>Tarbija vastutab \u00fcksnes asja v\u00e4\u00e4rtuse v\u00e4henemise eest, mis on tingitud asja kasutamisest muul viisil, kui on vaja asja olemuses, omadustes ja toimimises veendumiseks.<\/li>\n\n\n\n<li>Asja tagastamise otsesed kulud katab Tarbija.<\/li>\n\n\n\n<li>Kui Tarbija on s\u00f5naselgelt valinud ettev\u00f5tja pakutud k\u00f5ige odavamast tavap\u00e4rasest asja k\u00e4ttetoimetamise viisist erineva k\u00e4ttetoimetamise viisi, ei pea Puigar O\u00dc Tarbijale tagastama kulu, mis \u00fcletab tavap\u00e4rase k\u00e4ttetoimetamise viisiga seotud kulu.<\/li>\n\n\n\n<li><strong>Kauba tagastamine.<\/strong>&nbsp;Klient tagastab Kauba omal kulul ja originaalpakendis. Kliendi poolt tagastatud kaup peab olema kasutamata. Rehvidega ei tohi olla s\u00f5idetud, samuti ei tohi rehvid olla velgedele paigaldatud ja demonteeritud. Velgedega ei tohi olla s\u00f5idetud.<\/li>\n\n\n\n<li>Tarbija taganemis\u00f5igust ei kohaldata:\n<ol>\n<li>Lepingutele, mille esemeks on sellise asja \u00fcleandmine, mis rikneb v\u00f5i vananeb kiiresti;<\/li>\n\n\n\n<li>Lepingutele, mille esemeks on sellise asja \u00fcleandmine, mis oma olemuse t\u00f5ttu segatakse v\u00f5i \u00fchendatakse p\u00e4rast \u00fcleandmist muu asjaga selliselt, et neid ei saa enam teineteisest eraldada.<\/li>\n<\/ol>\n<\/li>\n<\/ol>\n<\/li>\n\n\n\n<li>ISIKUANDMETE T\u00d6\u00d6TLEMINE\n<ol>\n<li><strong>N\u00f5usolek<\/strong>. Puigar O\u00dc veebilehe kasutamisel, Kasutajakonto loomisel v\u00f5i Tellimise esitamisel ilma Kliendikonto loomiseta v\u00f5i sisselogimata annab Klient Puigar O\u00dc n\u00f5usoleku tema Isikuandmete t\u00f6\u00f6tlemiseks.<\/li>\n\n\n\n<li><strong>Eesm\u00e4rgid<\/strong>&nbsp;Kliendi Isikuandmete t\u00f6\u00f6tlemisel:\n<ol>\n<li>Kliendi identifitseerimine;<\/li>\n\n\n\n<li>Kliendi ees v\u00f5etud kohustuste t\u00e4itmine;<\/li>\n\n\n\n<li>Kliendiga suhtlemine ja talle Puigar O\u00dc toodete pakkumiste edastamine;<\/li>\n\n\n\n<li>kliendibaasi haldamine ja anal\u00fc\u00fcsimine, et parandada teenuste ja toodete k\u00e4ttesaadavust, valikut, kvaliteeti jmt ning teha Kliendile parimaid pakkumisi;<\/li>\n\n\n\n<li>kampaaniate korraldamine ja kliendirahulolu uuringute teostamine;<\/li>\n\n\n\n<li>Kliendi maksekohustuse t\u00e4itmise tagamine;<\/li>\n\n\n\n<li>Kliendi k\u00e4itumise anal\u00fc\u00fcsimine E-poe ja Puigar O\u00dc veebilehe rehvidonline.ee&nbsp;kasutamisel;<\/li>\n\n\n\n<li>seaduses s\u00e4testatud kohustuste t\u00e4itmine v\u00f5i seaduses lubatud kasutusviiside rakendamine.<\/li>\n<\/ol>\n<\/li>\n\n\n\n<li><strong>Kontrolli \u00f5igus.<\/strong>&nbsp;Puigar O\u00dc-l on \u00f5igus kontrollida ja t\u00e4iendada Kliendi isikuandmeid avalikest allikatest ja muudest \u00f5igusp\u00e4raselt ligip\u00e4\u00e4setavatest allikatest saadavate andmetega.<\/li>\n\n\n\n<li><strong>Edastamine<\/strong>. Puigar O\u00dc teeb koost\u00f6\u00f6d isikutega, kellele Puigar O\u00dc v\u00f5ib edastada (ja k\u00fcsida, vastu v\u00f5tta) vastava koost\u00f6\u00f6 raames ja eesm\u00e4rgil Kliendiga seotud andmeid, sh isikuandmeid. Sellisteks isikuteks v\u00f5ivad olla kliendirahulolu uuringut korraldavad ettev\u00f5tted, v\u00f5lgade sissen\u00f5udmisteenuse osutajad, makseh\u00e4ireregistrid, IT partnerid, postiteenust vahendavad v\u00f5i osutavad isikud jms asutused ja organisatsioonid. Puigar O\u00dc ei v\u00f5\u00f5randa, rendi ega anna muul viisil kolmandatele isikutele \u00fcle v\u00f5i kolmandate isikute kasutusse Kliendi andmeid.<\/li>\n\n\n\n<li><strong>Isiku \u00f5igused.<\/strong>&nbsp;Isikuandmete t\u00f6\u00f6tlemisel on Kliendil k\u00f5ik isikuandmete kaitse seadusest tulenevad \u00f5igused, millest olulisemad on:\n<ol>\n<li>\u00f5igus saada Puigar O\u00dc-lt &nbsp;teavet tema kohta kogutud isikuandmete kohta 7 t\u00f6\u00f6p\u00e4eva jooksul arvates Puigar O\u00dc-le vastava kirjaliku avalduse esitamisest;<\/li>\n\n\n\n<li>\u00f5igus n\u00f5uda eba\u00f5igete isikuandmete parandamist;<\/li>\n\n\n\n<li>\u00f5igus keelata tema kontaktandmete kasutamist reklaami ja pakkumiste saatmiseks;<\/li>\n\n\n\n<li>\u00f5igus n\u00f5uda isikuandmete t\u00f6\u00f6tlemise l\u00f5petamist, kui isikuandmete t\u00f6\u00f6tlemine ei ole seaduse alusel lubatud;<\/li>\n\n\n\n<li>\u00f5igus p\u00f6\u00f6rduda Puigar O\u00dc-i, isikuandmete volitatud t\u00f6\u00f6tleja, Andmekaitse Inspektsiooni v\u00f5i kohtu poole kui Klient leiab, et isikuandmete t\u00f6\u00f6tlemisel on rikutud tema \u00f5igusi.<\/li>\n<\/ol>\n<\/li>\n\n\n\n<li>Reklaamiks ja pakkumisteks ei loeta teateid, mis on seotud Lepingu t\u00e4itmisega.<\/li>\n\n\n\n<li>Puigar O\u00dc-l on \u00f5igus salvestada k\u00f5iki sidevahendite (e-posti, telefoni vm) teel antud Kliendi teateid ja korraldusi, samuti teavet ja muid toimingud, mis Klient on teinud ning vajadusel kasutada neid salvestisi korralduste v\u00f5i muude toimingute t\u00f5endamiseks.<\/li>\n<\/ol>\n<\/li>\n\n\n\n<li>OTSEPOSTITUSED\n<ol>\n<li>Tellimise esitamisel annab Klient Puigar O\u00dc-le n\u00f5usoleku endale&nbsp;Otsepostitusega kommertsteadaannete saatmiseks.<\/li>\n\n\n\n<li>Kui Klient ei soovi Otsepostitusi saada, saab ta vastava soovi edastada Puigar O\u00dc \u00dcldtingimuste punktis 12.2 toodud kontaktandmetel.&nbsp;&nbsp;&nbsp;<\/li>\n<\/ol>\n<\/li>\n\n\n\n<li>\u00d5IGUSKAITSEVAHENDID JA PRETENSIOONIDE ESITAMISE KORD\n<ol>\n<li>Kliendil on \u00f5igus Kauba lepingutingimustele mittevastavuse korral tugineda seaduses s\u00e4testatud \u00f5iguskaitsevahenditele: 1) n\u00f5uda kohustuse t\u00e4itmist; 2) oma v\u00f5lgnetava kohustuse t\u00e4itmisest keelduda; 3) n\u00f5uda kahju h\u00fcvitamist; 4) taganeda lepingust v\u00f5i \u00f6elda leping \u00fcles; 5) alandada hinda; 6) rahalise kohustuse t\u00e4itmisega viivitamise korral n\u00f5uda viivist.<\/li>\n\n\n\n<li>Kliendil on \u00f5igus Kauba puuduse ilmnemisel p\u00f6\u00f6rduda Puigar O\u00dc poole punktis 12.2 toodud aadressil.<\/li>\n\n\n\n<li>Puigar O\u00dc vastutus on piiratud Kliendilepingu alusel konkreetse Kliendilepingu hinnaga&nbsp;(tingimus ei kohaldu Tarbijast Kliendile). Puigar O\u00dc ei vastuta Kliendi s\u00fc\u00fcl Kaubal tekkinud puuduste eest, mis on tekkinud Kauba eba\u00f5ige hoiustamise v\u00f5i sihtotstarbevastase kasutamise tulemusena. Puigar O\u00dc ei vastuta Kauba puuduste eest, kui Kauba Kliendile k\u00e4ttetoimetamisest on m\u00f6\u00f6dunud rohkem kui kaks aastat. Kui Kliendilepingu pooleks ei ole Tarbija, siis Puigar O\u00dc ei vastuta ka Kauba puudusest tingitud mistahes kaudse v\u00f5i mittevaralise kahju eest ning kahju eest, mis on tekkinud kolmandale isikule.<\/li>\n\n\n\n<li><strong>Puudustega Kaup<\/strong>\n<ol>\n<li>Puudusega Kauba asendamisel on Klient kohustatud Puigar O\u00dc-i n\u00f5udel puudusega toote Puigar O\u00dc-le tagastama. Puigar O\u00dc kannab toote tagastamisega vahetamisega seotud transpordikulud.<\/li>\n\n\n\n<li>Teade Kauba puuduste (defekti kirjeldus, v\u00f5imalusel fotod ning Tellimuse number) avastamise kohta peab olema esitatud kahe kuu jooksul alates n\u00f5uetele mittevastavuse v\u00f5i puuduse avastamisest. Kliendiga v\u00f5etakse \u00fchendust esimesel v\u00f5imalusel, kuid mitte hiljem kui 15 p\u00e4eva jooksul alates teate k\u00e4ttesaamisest.<\/li>\n\n\n\n<li>Kui Puigar O\u00dc ei ole Tarbija kaebust lahendanud v\u00f5i Tarbija ei n\u00f5ustu Puigar O\u00dc lahendusega, v\u00f5ib Tarbija esitada kaebuse Tarbijakaitseameti kaudu tarbijakaebuste komisjonile, mis vaatab asju l\u00e4bi tasuta (vt t\u00e4psemalt &nbsp;www.komisjon.ee) v\u00f5i kohtule. Lisaks on v\u00f5imalik p\u00f6\u00f6rduda internetip\u00f5hisele vaidluste lahendamisel platvormil ODR-i poole (vt t\u00e4psemalt &nbsp;<a href=\"http:\/\/ec.europa.eu\/consumers\/odr\/\">http:\/\/ec.europa.eu\/consumers\/odr\/<\/a>).<\/li>\n<\/ol>\n<\/li>\n\n\n\n<li><strong>Isikuandmete t\u00f6\u00f6tlemise rikkumine<\/strong>\n<ol>\n<li>Kliendil on \u00f5igus igal ajal esitada pretensioone oma Isikuandmete t\u00f6\u00f6tlemise osas, sealhulgas n\u00f5uda enda kohta k\u00e4ivate Isikuandmete t\u00f6\u00f6tlemise l\u00f5petamist, avalikustamise v\u00f5i Isikuandmetele juurdep\u00e4\u00e4su v\u00f5imaldamise l\u00f5petamist ja\/v\u00f5i kogutud andmete kustutamist v\u00f5i h\u00e4vitamist, kui selline \u00f5igus tuleneb isikuandmete kaitse seadusest v\u00f5i muust \u00f5igusaktist. Kliendil on tal \u00f5igus p\u00f6\u00f6rduda isikuandmete rikkumise l\u00f5petamise n\u00f5udega Puigar O\u00dc poole. Kliendil on igal ajal \u00f5igus p\u00f6\u00f6rduda oma Isikuandmetest tulenevate \u00f5iguste kaitseks Andmekaitse Inspektsiooni v\u00f5i kohtu poole.<\/li>\n<\/ol>\n<\/li>\n<\/ol>\n<\/li>\n\n\n\n<li>M\u00dc\u00dcGIGARANTII TINGIMUSED\n<ol>\n<li>K\u00f5ikidele Puigar O\u00dc-i poolt m\u00fc\u00fcdud toodetele kehtib tootjatehase poolt antud garantii 2 aastat. Tootjatehase poolt antud garantii katab nii toote materjali kui ka tootmisest (tootmisprotsessist) tulenevad vead.<\/li>\n\n\n\n<li>Garantii alla ei kuulu allj\u00e4rgnevad rehvide ja\/v\u00f5i velgede vigastused ja valest kasutamisest tingitud juhtumid:\n<ol>\n<li>rehvid, milliseid on kasutatud \u00fcle mustri kulumispiiri;<\/li>\n\n\n\n<li>rehvide ja\/v\u00f5i velgede vigastused, mis on tekkinud teeolude t\u00f5ttu;<\/li>\n\n\n\n<li>rehvide ja\/v\u00f5i velgede vigastused, mis on tekkinud \u00f5nnetusjuhtumite (avarii, tulekahju vms) tagaj\u00e4rjel;<\/li>\n\n\n\n<li>vigastused, mis on tekkinud rehvide ja\/v\u00f5i velgede valest ekspluateerimisest (vale rehvir\u00f5hk, vale kokkujooks, balansseerimata rattad, rikkis amortisaatorid, auto \u00fclekoormus, kettide kasutamine, naelutamine, v\u00f5idus\u00f5it, off-road jms);<\/li>\n\n\n\n<li>remonditud ning taastatud rehvid;<\/li>\n\n\n\n<li>tahtlikult rehvidele ja\/v\u00f5i velgedele tekitatud vigastused.<\/li>\n<\/ol>\n<\/li>\n\n\n\n<li>M\u00fc\u00fcgigarantii andja on Puigar O\u00dc.<\/li>\n\n\n\n<li>Garantii taotlemise aluseks on garantii taotleja poolt saadetud koopia ostuarvest koos vea kirjelduse ja taotleja kontaktandmetega Puigar O\u00dc-i e-mailile: <a href=\"mailto:info@puigar.ee\">info@puigar.ee<\/a><\/li>\n\n\n\n<li>P\u00e4rast garantiitaotluse esitamist v\u00f5tab Puigar O\u00dc garantii taotlejaga \u00fchendust 2-3 t\u00f6\u00f6p\u00e4eva jooksul.<\/li>\n\n\n\n<li>Lepingutingimustele mittevastavale tootele tehakse ekspertiis. Kui l\u00e4biviidud ekspertiis t\u00f5estab materjali- v\u00f5i tootmisvea, siis rehv parandatakse, asendatakse uuega v\u00f5i h\u00fcvitatakse rahaliselt. Puigar O\u00dc vahendab kauba parandamist, vahetamist v\u00f5i kompenseerimist tootja ja kliendi vahel.<\/li>\n\n\n\n<li>Puigar O\u00dc poolt vahendatud ekspertiisi tulemusega mitten\u00f5ustumise korral suunatakse v\u00e4idetavate puudustega toode erapooletusse ekspertiisi. Kui erapooletu ekspertiisi tulemus \u00fchtib Puigar O\u00dc poolt vahendatud ekspertiisi tulemusega, siis katab ekspertiisi kulud garantii taotleja. Ekspertiisi aeg on sellisel juhul maksimaalselt 3 kuud.<\/li>\n\n\n\n<li>Kui ilmneb, et tegemist ei olnud garantiijuhtumiga, on klient kohustatud Puigar O\u00dc-ile h\u00fcvitama: puudustega toote saatekulud Puigar O\u00dc-i ja tagasi garantii taotlejale; erapooletu ekspertiisi kulud ning sellega seonduvad saatekulud.<\/li>\n\n\n\n<li>Puigar O\u00dc h\u00fcvitab m\u00fc\u00fcgigarantii ajal toote parandamise v\u00f5i asendamisega kaasnevad kulud.<\/li>\n<\/ol>\n<\/li>\n\n\n\n<li>UTILISEERIMISE KOHUSTUS\n<ol>\n<li>Puigar O\u00dc on liitunud tootjavastutusorganisatsiooniga MT\u00dc Eesti Rehviliit.<\/li>\n\n\n\n<li>Kui Tarbija on uute rehvide soetamisel maksnud utiliseerimistasu, siis on Tarbijal \u00f5igus kasutamisk\u00f5lbmatud v\u00f5i vanad rehvid Puigar O\u00dc-le tagastada ja Puigar O\u00dc lasub tootjavastutuse kohustus need rehvid n\u00f5uetekohaselt utiliseerida.<\/li>\n\n\n\n<li>Rehvide tagastamine toimub tarbija enda kulul.<\/li>\n<\/ol>\n<\/li>\n\n\n\n<li>MUUD TINGIMUSED\n<ol>\n<li><strong>Muutmine.<\/strong>&nbsp;Puigar O\u00dc-il on igal ajal \u00f5igus \u00fchepoolselt muuta k\u00e4esolevaid \u00dcldtingimusi. \u00dcldtingimuste muutmine ei kehti Tellimuste suhtes, mille kohta on Kliendile saadetud Kinnitus.<\/li>\n\n\n\n<li><strong>Kontakt.<\/strong>&nbsp;Puigar O\u00dc kontaktandmed on: e-posti aadress <a href=\"mailto:info@puigar.ee\">info@puigar.ee<\/a><\/li>\n<\/ol>\n<\/li>\n<\/ol>\n","protected":false},"excerpt":{"rendered":"<p>\u00dcLDTINGIMUSED<\/p>\n","protected":false},"author":1,"featured_media":0,"parent":0,"menu_order":0,"comment_status":"closed","ping_status":"closed","template":"","meta":[],"acf":[],"_links":{"self":[{"href":"https:\/\/puigar.ee\/et\/wp-json\/wp\/v2\/pages\/108"}],"collection":[{"href":"https:\/\/puigar.ee\/et\/wp-json\/wp\/v2\/pages"}],"about":[{"href":"https:\/\/puigar.ee\/et\/wp-json\/wp\/v2\/types\/page"}],"author":[{"embeddable":true,"href":"https:\/\/puigar.ee\/et\/wp-json\/wp\/v2\/users\/1"}],"replies":[{"embeddable":true,"href":"https:\/\/puigar.ee\/et\/wp-json\/wp\/v2\/comments?post=108"}],"version-history":[{"count":3,"href":"https:\/\/puigar.ee\/et\/wp-json\/wp\/v2\/pages\/108\/revisions"}],"predecessor-version":[{"id":113,"href":"https:\/\/puigar.ee\/et\/wp-json\/wp\/v2\/pages\/108\/revisions\/113"}],"wp:attachment":[{"href":"https:\/\/puigar.ee\/et\/wp-json\/wp\/v2\/media?parent=108"}],"curies":[{"name":"wp","href":"https:\/\/api.w.org\/{rel}","templated":true}]}}